{"id":194,"date":"2026-04-06T12:19:17","date_gmt":"2026-04-06T12:19:17","guid":{"rendered":"https:\/\/larinaaviation.com\/?page_id=194"},"modified":"2026-04-06T16:23:30","modified_gmt":"2026-04-06T16:23:30","slug":"home-2","status":"publish","type":"page","link":"https:\/\/larinaaviation.com\/fr\/home-2\/","title":{"rendered":"La Rina Aviation Coll\u00e8ge\nFormation professionnelle en aviation et en anglais\n\nNous proposons des formations sp\u00e9cialis\u00e9es en aviation et en anglais destin\u00e9es \u00e0 pr\u00e9parer les \u00e9tudiants \u00e0 des carri\u00e8res dans l\u2019aviation, les op\u00e9rations a\u00e9roportuaires et les domaines professionnels connexes.\n\nNos Programmes\n\nLicence de Pilote Priv\u00e9 (PPL)\n\nExploitation et Dispatch des Vols\n\nMarchandises Dangereuses\n\nS\u00fbret\u00e9 de l\u2019Aviation (AVSEC)\n\nSyst\u00e8me de Gestion de la S\u00e9curit\u00e9 (SMS)\n\nOp\u00e9rations A\u00e9roportuaires\n\nAnglais de l\u2019Aviation et Anglais Professionnel"},"content":{"rendered":"<div data-elementor-type=\"wp-post\" data-elementor-id=\"194\" class=\"elementor elementor-194\">\n\t\t\t\t<div class=\"elementor-element elementor-element-97f4ddb e-flex e-con-boxed e-con e-parent\" data-id=\"97f4ddb\" data-element_type=\"container\" data-e-type=\"container\" data-settings=\"{&quot;background_background&quot;:&quot;classic&quot;}\">\n\t\t\t\t\t<div class=\"e-con-inner\">\n\t\t\t\t\t\t\t<h1 \n\t\tdata-interaction-id=\"a1670f8\" \n\t\tclass=\"e-a1670f8-308d980 e-heading-base\" \n\t\t \n\t\t\n\t>\n\t\n\t\t\tLA RINA AVIATION COLLEGE\n\t\t<\/h1>\n\t\t\t\t\t\t\t<h2 \n\t\tdata-interaction-id=\"172960a\" \n\t\tclass=\"e-172960a-a9a9c27 e-heading-base\" \n\t\t \n\t\t\n\t>\n\t\n\t\t\tTrain. Fly. Become a Professional Pilot\n\t\t<\/h2>\n\t\t\t\t<div class=\"elementor-element elementor-element-03fc279 elementor-align-center elementor-widget elementor-widget-button\" data-id=\"03fc279\" data-element_type=\"widget\" data-e-type=\"widget\" data-widget_type=\"button.default\">\n\t\t\t\t\t\t\t\t\t\t<a class=\"elementor-button elementor-button-link elementor-size-sm\" href=\"#\">\n\t\t\t\t\t\t<span class=\"elementor-button-content-wrapper\">\n\t\t\t\t\t\t\t\t\t<span class=\"elementor-button-text\">APPLY NOW<\/span>\n\t\t\t\t\t<\/span>\n\t\t\t\t\t<\/a>\n\t\t\t\t\t\t\t\t<\/div>\n\t\t\t\t\t\t\t<h2 \n\t\tdata-interaction-id=\"5a31ece\" \n\t\tclass=\"e-5a31ece-38c01c4 e-heading-base\" \n\t\t \n\t\t\n\t>\n\t\n\t\t\tTrain. Fly. Become a Profesinal Pilot\n\t\t<\/h2>\n\t\t\t\t\t<\/div>\n\t\t\t\t<\/div>\n\t\t<div class=\"elementor-element elementor-element-e8ff80a e-flex e-con-boxed e-con e-parent\" data-id=\"e8ff80a\" data-element_type=\"container\" data-e-type=\"container\" data-settings=\"{&quot;background_background&quot;:&quot;classic&quot;}\">\n\t\t\t\t\t<div class=\"e-con-inner\">\n\t\t<div class=\"elementor-element elementor-element-8ee9247 e-con-full e-flex e-con e-child\" data-id=\"8ee9247\" data-element_type=\"container\" data-e-type=\"container\" data-settings=\"{&quot;background_background&quot;:&quot;classic&quot;}\">\n\t\t\t\t<div class=\"elementor-element elementor-element-feaec52 elementor-view-default elementor-widget elementor-widget-icon\" data-id=\"feaec52\" data-element_type=\"widget\" data-e-type=\"widget\" data-widget_type=\"icon.default\">\n\t\t\t\t\t\t\t<div class=\"elementor-icon-wrapper\">\n\t\t\t<div class=\"elementor-icon\">\n\t\t\t<svg aria-hidden=\"true\" class=\"e-font-icon-svg e-fas-plane-departure\" viewbox=\"0 0 640 512\" xmlns=\"http:\/\/www.w3.org\/2000\/svg\"><path d=\"M624 448H16c-8.84 0-16 7.16-16 16v32c0 8.84 7.16 16 16 16h608c8.84 0 16-7.16 16-16v-32c0-8.84-7.16-16-16-16zM80.55 341.27c6.28 6.84 15.1 10.72 24.33 10.71l130.54-.18a65.62 65.62 0 0 0 29.64-7.12l290.96-147.65c26.74-13.57 50.71-32.94 67.02-58.31 18.31-28.48 20.3-49.09 13.07-63.65-7.21-14.57-24.74-25.27-58.25-27.45-29.85-1.94-59.54 5.92-86.28 19.48l-98.51 49.99-218.7-82.06a17.799 17.799 0 0 0-18-1.11L90.62 67.29c-10.67 5.41-13.25 19.65-5.17 28.53l156.22 98.1-103.21 52.38-72.35-36.47a17.804 17.804 0 0 0-16.07.02L9.91 230.22c-10.44 5.3-13.19 19.12-5.57 28.08l76.21 82.97z\"><\/path><\/svg>\t\t\t<\/div>\n\t\t<\/div>\n\t\t\t\t\t\t<\/div>\n\t\t\t\t\t\t\t<h2 \n\t\tdata-interaction-id=\"ff73e83\" \n\t\tclass=\"e-ff73e83-6f916b8 e-heading-base\" \n\t\t \n\t\t\n\t>\n\t\n\t\t\tPrivate Pilot Licence\n\t\t<\/h2>\n\t\t\t\t\t\t\t<h2 \n\t\tdata-interaction-id=\"84c42d4\" \n\t\tclass=\"e-84c42d4-bb11020 e-heading-base\" \n\t\t \n\t\t\n\t>\n\t\n\t\t\tStart your aviation journey and become a certified private pilot with hands-on flight training.\n\t\t<\/h2>\n\t\t\t\t<div class=\"elementor-element elementor-element-ca234f6 elementor-align-center elementor-widget elementor-widget-button\" data-id=\"ca234f6\" data-element_type=\"widget\" data-e-type=\"widget\" data-widget_type=\"button.default\">\n\t\t\t\t\t\t\t\t\t\t<a class=\"elementor-button elementor-button-link elementor-size-sm\" href=\"#\">\n\t\t\t\t\t\t<span class=\"elementor-button-content-wrapper\">\n\t\t\t\t\t\t\t\t\t<span class=\"elementor-button-text\">LEARN MORE<\/span>\n\t\t\t\t\t<\/span>\n\t\t\t\t\t<\/a>\n\t\t\t\t\t\t\t\t<\/div>\n\t\t\t\t<\/div>\n\t\t<div class=\"elementor-element elementor-element-270fe94 e-con-full e-flex e-con e-child\" data-id=\"270fe94\" data-element_type=\"container\" data-e-type=\"container\" data-settings=\"{&quot;background_background&quot;:&quot;classic&quot;}\">\n\t\t\t\t<div class=\"elementor-element elementor-element-dcf400d elementor-view-default elementor-widget elementor-widget-icon\" data-id=\"dcf400d\" data-element_type=\"widget\" data-e-type=\"widget\" data-widget_type=\"icon.default\">\n\t\t\t\t\t\t\t<div class=\"elementor-icon-wrapper\">\n\t\t\t<div class=\"elementor-icon\">\n\t\t\t<svg aria-hidden=\"true\" class=\"e-font-icon-svg e-fas-satellite-dish\" viewbox=\"0 0 512 512\" xmlns=\"http:\/\/www.w3.org\/2000\/svg\"><path d=\"M305.44954,462.59c7.39157,7.29792,6.18829,20.09661-3.00038,25.00356-77.713,41.80281-176.72559,29.9105-242.34331-35.7082C-5.49624,386.28227-17.404,287.362,24.41381,209.554c4.89125-9.095,17.68975-10.29834,25.00318-3.00043L166.22872,323.36708l27.39411-27.39452c-.68759-2.60974-1.594-5.00071-1.594-7.81361a32.00407,32.00407,0,1,1,32.00407,32.00455c-2.79723,0-5.20378-.89075-7.79786-1.594l-27.40974,27.41015ZM511.9758,303.06732a16.10336,16.10336,0,0,1-16.002,17.00242H463.86031a15.96956,15.96956,0,0,1-15.89265-15.00213C440.46671,175.5492,336.45348,70.53427,207.03078,63.53328a15.84486,15.84486,0,0,1-15.00191-15.90852V16.02652A16.09389,16.09389,0,0,1,209.031.02425C372.25491,8.61922,503.47472,139.841,511.9758,303.06732Zm-96.01221-.29692a16.21093,16.21093,0,0,1-16.11142,17.29934H367.645a16.06862,16.06862,0,0,1-15.89265-14.70522c-6.90712-77.01094-68.118-138.91037-144.92467-145.22376a15.94,15.94,0,0,1-14.79876-15.89289V112.13393a16.134,16.134,0,0,1,17.29908-16.096C319.45132,104.5391,407.55627,192.64538,415.96359,302.7704Z\"><\/path><\/svg>\t\t\t<\/div>\n\t\t<\/div>\n\t\t\t\t\t\t<\/div>\n\t\t\t\t\t\t\t<h2 \n\t\tdata-interaction-id=\"2c8d4f0\" \n\t\tclass=\"e-2c8d4f0-66747af e-heading-base\" \n\t\t \n\t\t\n\t>\n\t\n\t\t\tFlight Dispatcher Course\n\t\t<\/h2>\n\t\t\t\t\t\t\t<h2 \n\t\tdata-interaction-id=\"69e44bf\" \n\t\tclass=\"e-69e44bf-ddc671e e-heading-base\" \n\t\t \n\t\t\n\t>\n\t\n\t\t\tLearn flight planning, weather analysis, and airline operations.\n\t\t<\/h2>\n\t\t\t\t<div class=\"elementor-element elementor-element-b1811f6 elementor-align-center elementor-widget elementor-widget-button\" data-id=\"b1811f6\" data-element_type=\"widget\" data-e-type=\"widget\" data-widget_type=\"button.default\">\n\t\t\t\t\t\t\t\t\t\t<a class=\"elementor-button elementor-button-link elementor-size-sm\" href=\"#\">\n\t\t\t\t\t\t<span class=\"elementor-button-content-wrapper\">\n\t\t\t\t\t\t\t\t\t<span class=\"elementor-button-text\">LEARN MORE<\/span>\n\t\t\t\t\t<\/span>\n\t\t\t\t\t<\/a>\n\t\t\t\t\t\t\t\t<\/div>\n\t\t\t\t<\/div>\n\t\t<div class=\"elementor-element elementor-element-76beb07 e-con-full e-flex e-con e-child\" data-id=\"76beb07\" data-element_type=\"container\" data-e-type=\"container\" data-settings=\"{&quot;background_background&quot;:&quot;classic&quot;}\">\n\t\t\t\t<div class=\"elementor-element elementor-element-52179c4 elementor-view-default elementor-widget elementor-widget-icon\" data-id=\"52179c4\" data-element_type=\"widget\" data-e-type=\"widget\" data-widget_type=\"icon.default\">\n\t\t\t\t\t\t\t<div class=\"elementor-icon-wrapper\">\n\t\t\t<div class=\"elementor-icon\">\n\t\t\t<svg aria-hidden=\"true\" class=\"e-font-icon-svg e-fas-shield-alt\" viewbox=\"0 0 512 512\" xmlns=\"http:\/\/www.w3.org\/2000\/svg\"><path d=\"M466.5 83.7l-192-80a48.15 48.15 0 0 0-36.9 0l-192 80C27.7 91.1 16 108.6 16 128c0 198.5 114.5 335.7 221.5 380.3 11.8 4.9 25.1 4.9 36.9 0C360.1 472.6 496 349.3 496 128c0-19.4-11.7-36.9-29.5-44.3zM256.1 446.3l-.1-381 175.9 73.3c-3.3 151.4-82.1 261.1-175.8 307.7z\"><\/path><\/svg>\t\t\t<\/div>\n\t\t<\/div>\n\t\t\t\t\t\t<\/div>\n\t\t\t\t\t\t\t<h2 \n\t\tdata-interaction-id=\"8630179\" \n\t\tclass=\"e-8630179-1a5b987 e-heading-base\" \n\t\t \n\t\t\n\t>\n\t\n\t\t\tAviation Security (AVSEC)\n\t\t<\/h2>\n\t\t\t\t\t\t\t<h2 \n\t\tdata-interaction-id=\"1a5acf8\" \n\t\tclass=\"e-1a5acf8-e148c81 e-heading-base\" \n\t\t \n\t\t\n\t>\n\t\n\t\t\tUnderstand aviation safety, security procedures, and compliance.\n\t\t<\/h2>\n\t\t\t\t<div class=\"elementor-element elementor-element-4d79031 elementor-align-center elementor-widget elementor-widget-button\" data-id=\"4d79031\" data-element_type=\"widget\" data-e-type=\"widget\" data-widget_type=\"button.default\">\n\t\t\t\t\t\t\t\t\t\t<a class=\"elementor-button elementor-button-link elementor-size-sm\" href=\"#\">\n\t\t\t\t\t\t<span class=\"elementor-button-content-wrapper\">\n\t\t\t\t\t\t\t\t\t<span class=\"elementor-button-text\">LEARN MORE<\/span>\n\t\t\t\t\t<\/span>\n\t\t\t\t\t<\/a>\n\t\t\t\t\t\t\t\t<\/div>\n\t\t\t\t<\/div>\n\t\t\t\t\t<\/div>\n\t\t\t\t<\/div>\n\t\t<div class=\"elementor-element elementor-element-35de5a0 e-flex e-con-boxed e-con e-parent\" data-id=\"35de5a0\" data-element_type=\"container\" data-e-type=\"container\" data-settings=\"{&quot;background_background&quot;:&quot;classic&quot;}\">\n\t\t\t\t\t<div class=\"e-con-inner\">\n\t\t<div class=\"elementor-element elementor-element-a237f4a e-con-full e-flex e-con e-child\" data-id=\"a237f4a\" data-element_type=\"container\" data-e-type=\"container\" data-settings=\"{&quot;background_background&quot;:&quot;classic&quot;}\">\n\t\t\t\t\t\t\t<h2 \n\t\tdata-interaction-id=\"60024ba\" \n\t\tclass=\"e-60024ba-e8d0c3f e-heading-base\" \n\t\t \n\t\t\n\t>\n\t\n\t\t\tWHY CHOOSE LA RINA AVIATION COLLEGE\n\t\t<\/h2>\n\t\t\t\t\t\t\t\t<p class=\"e-cde6e42-efe6292 e-paragraph-base\" data-interaction-id=\"cde6e42\"  >\n\t\t\t\t\t\t\t\t<strong id=\"e-mnncfls2-8kfv8hg\">We provide practical aviation training designed to prepare students for real-world careers in piloting, flight operations, safety, and airport services. Our programs combine professional instruction, industry relevance, and a strong commitment to excellence.<\/strong><br>-&nbsp;<strong id=\"e-mnncfls2-coy5u19\">Experienced aviation-focused training<\/strong><br>-&nbsp;<strong id=\"e-mnncfls2-3kpb4id\">Industry-relevant practical programs<\/strong><br>-&nbsp;<strong id=\"e-mnncfls2-pkjd62y\">Professional English and operations support<\/strong><br>-&nbsp;<strong id=\"e-mnncfls2-75tf84h\">Commitment to safety, discipline, and excellence<\/strong><br>\n\t\t\t\t\t<\/p>\n\t\t\t\t<\/div>\n\t\t<div class=\"elementor-element elementor-element-8c22bcc e-con-full e-flex e-con e-child\" data-id=\"8c22bcc\" data-element_type=\"container\" data-e-type=\"container\" data-settings=\"{&quot;background_background&quot;:&quot;classic&quot;}\">\n\t\t\t\t\t\t\t<h2 \n\t\tdata-interaction-id=\"6ed9e28\" \n\t\tclass=\"e-6ed9e28-58ec62f e-heading-base\" \n\t\t \n\t\t\n\t>\n\t\n\t\t\tOur Commitment\n\t\t<\/h2>\n\t\t\t\t\t\t\t<h2 \n\t\tdata-interaction-id=\"4938c6a\" \n\t\tclass=\"e-4938c6a-168d1d3 e-heading-base\" \n\t\t \n\t\t\n\t>\n\t\n\t\t\tAt La Rina Aviation College, we are committed to building the next generation of aviation professionals in Africa. We aim to equip students with the knowledge, discipline, and confidence needed to succeed in a demanding aviation environment.\n\t\t<\/h2>\n\t\t\t\t<\/div>\n\t\t\t\t\t<\/div>\n\t\t\t\t<\/div>\n\t\t<div class=\"elementor-element elementor-element-0ed8341 e-flex e-con-boxed e-con e-parent\" data-id=\"0ed8341\" data-element_type=\"container\" data-e-type=\"container\" data-settings=\"{&quot;background_background&quot;:&quot;classic&quot;}\">\n\t\t\t\t\t<div class=\"e-con-inner\">\n\t\t<div class=\"elementor-element elementor-element-39ea855 e-con-full e-flex e-con e-child\" data-id=\"39ea855\" data-element_type=\"container\" data-e-type=\"container\" data-settings=\"{&quot;background_background&quot;:&quot;classic&quot;}\">\n\t\t\t\t<div class=\"elementor-element elementor-element-1bef412 elementor-view-default elementor-widget elementor-widget-icon\" data-id=\"1bef412\" data-element_type=\"widget\" data-e-type=\"widget\" data-widget_type=\"icon.default\">\n\t\t\t\t\t\t\t<div class=\"elementor-icon-wrapper\">\n\t\t\t<div class=\"elementor-icon\">\n\t\t\t<svg aria-hidden=\"true\" class=\"e-font-icon-svg e-fas-user-check\" viewbox=\"0 0 640 512\" xmlns=\"http:\/\/www.w3.org\/2000\/svg\"><path d=\"M224 256c70.7 0 128-57.3 128-128S294.7 0 224 0 96 57.3 96 128s57.3 128 128 128zm89.6 32h-16.7c-22.2 10.2-46.9 16-72.9 16s-50.6-5.8-72.9-16h-16.7C60.2 288 0 348.2 0 422.4V464c0 26.5 21.5 48 48 48h352c26.5 0 48-21.5 48-48v-41.6c0-74.2-60.2-134.4-134.4-134.4zm323-128.4l-27.8-28.1c-4.6-4.7-12.1-4.7-16.8-.1l-104.8 104-45.5-45.8c-4.6-4.7-12.1-4.7-16.8-.1l-28.1 27.9c-4.7 4.6-4.7 12.1-.1 16.8l81.7 82.3c4.6 4.7 12.1 4.7 16.8.1l141.3-140.2c4.6-4.7 4.7-12.2.1-16.8z\"><\/path><\/svg>\t\t\t<\/div>\n\t\t<\/div>\n\t\t\t\t\t\t<\/div>\n\t\t\t\t<div class=\"elementor-element elementor-element-315f88d elementor-widget elementor-widget-heading\" data-id=\"315f88d\" data-element_type=\"widget\" data-e-type=\"widget\" data-widget_type=\"heading.default\">\n\t\t\t\t\t<p class=\"elementor-heading-title elementor-size-default\">100+ Students Trained<\/p>\t\t\t\t<\/div>\n\t\t\t\t<\/div>\n\t\t<div class=\"elementor-element elementor-element-7c6c406 e-con-full e-flex e-con e-child\" data-id=\"7c6c406\" data-element_type=\"container\" data-e-type=\"container\" data-settings=\"{&quot;background_background&quot;:&quot;classic&quot;}\">\n\t\t\t\t<div class=\"elementor-element elementor-element-6d9ccab elementor-view-default elementor-widget elementor-widget-icon\" data-id=\"6d9ccab\" data-element_type=\"widget\" data-e-type=\"widget\" data-widget_type=\"icon.default\">\n\t\t\t\t\t\t\t<div class=\"elementor-icon-wrapper\">\n\t\t\t<div class=\"elementor-icon\">\n\t\t\t<svg aria-hidden=\"true\" class=\"e-font-icon-svg e-fas-check-square\" viewbox=\"0 0 448 512\" xmlns=\"http:\/\/www.w3.org\/2000\/svg\"><path d=\"M400 480H48c-26.51 0-48-21.49-48-48V80c0-26.51 21.49-48 48-48h352c26.51 0 48 21.49 48 48v352c0 26.51-21.49 48-48 48zm-204.686-98.059l184-184c6.248-6.248 6.248-16.379 0-22.627l-22.627-22.627c-6.248-6.248-16.379-6.249-22.628 0L184 302.745l-70.059-70.059c-6.248-6.248-16.379-6.248-22.628 0l-22.627 22.627c-6.248 6.248-6.248 16.379 0 22.627l104 104c6.249 6.25 16.379 6.25 22.628.001z\"><\/path><\/svg>\t\t\t<\/div>\n\t\t<\/div>\n\t\t\t\t\t\t<\/div>\n\t\t\t\t\t\t\t<h2 \n\t\tdata-interaction-id=\"67ca69d\" \n\t\tclass=\"e-67ca69d-a0cd9d8 e-heading-base\" \n\t\t \n\t\t\n\t>\n\t\n\t\t\t95% Success Rate\n\t\t<\/h2>\n\t\t\t\t<\/div>\n\t\t<div class=\"elementor-element elementor-element-16ddc44 e-con-full e-flex e-con e-child\" data-id=\"16ddc44\" data-element_type=\"container\" data-e-type=\"container\" data-settings=\"{&quot;background_background&quot;:&quot;classic&quot;}\">\n\t\t\t\t<div class=\"elementor-element elementor-element-1cbf0b3 elementor-view-default elementor-widget elementor-widget-icon\" data-id=\"1cbf0b3\" data-element_type=\"widget\" data-e-type=\"widget\" data-widget_type=\"icon.default\">\n\t\t\t\t\t\t\t<div class=\"elementor-icon-wrapper\">\n\t\t\t<div class=\"elementor-icon\">\n\t\t\t<svg aria-hidden=\"true\" class=\"e-font-icon-svg e-fas-globe-americas\" viewbox=\"0 0 496 512\" xmlns=\"http:\/\/www.w3.org\/2000\/svg\"><path d=\"M248 8C111.03 8 0 119.03 0 256s111.03 248 248 248 248-111.03 248-248S384.97 8 248 8zm82.29 357.6c-3.9 3.88-7.99 7.95-11.31 11.28-2.99 3-5.1 6.7-6.17 10.71-1.51 5.66-2.73 11.38-4.77 16.87l-17.39 46.85c-13.76 3-28 4.69-42.65 4.69v-27.38c1.69-12.62-7.64-36.26-22.63-51.25-6-6-9.37-14.14-9.37-22.63v-32.01c0-11.64-6.27-22.34-16.46-27.97-14.37-7.95-34.81-19.06-48.81-26.11-11.48-5.78-22.1-13.14-31.65-21.75l-.8-.72a114.792 114.792 0 0 1-18.06-20.74c-9.38-13.77-24.66-36.42-34.59-51.14 20.47-45.5 57.36-82.04 103.2-101.89l24.01 12.01C203.48 89.74 216 82.01 216 70.11v-11.3c7.99-1.29 16.12-2.11 24.39-2.42l28.3 28.3c6.25 6.25 6.25 16.38 0 22.63L264 112l-10.34 10.34c-3.12 3.12-3.12 8.19 0 11.31l4.69 4.69c3.12 3.12 3.12 8.19 0 11.31l-8 8a8.008 8.008 0 0 1-5.66 2.34h-8.99c-2.08 0-4.08.81-5.58 2.27l-9.92 9.65a8.008 8.008 0 0 0-1.58 9.31l15.59 31.19c2.66 5.32-1.21 11.58-7.15 11.58h-5.64c-1.93 0-3.79-.7-5.24-1.96l-9.28-8.06a16.017 16.017 0 0 0-15.55-3.1l-31.17 10.39a11.95 11.95 0 0 0-8.17 11.34c0 4.53 2.56 8.66 6.61 10.69l11.08 5.54c9.41 4.71 19.79 7.16 30.31 7.16s22.59 27.29 32 32h66.75c8.49 0 16.62 3.37 22.63 9.37l13.69 13.69a30.503 30.503 0 0 1 8.93 21.57 46.536 46.536 0 0 1-13.72 32.98zM417 274.25c-5.79-1.45-10.84-5-14.15-9.97l-17.98-26.97a23.97 23.97 0 0 1 0-26.62l19.59-29.38c2.32-3.47 5.5-6.29 9.24-8.15l12.98-6.49C440.2 193.59 448 223.87 448 256c0 8.67-.74 17.16-1.82 25.54L417 274.25z\"><\/path><\/svg>\t\t\t<\/div>\n\t\t<\/div>\n\t\t\t\t\t\t<\/div>\n\t\t\t\t\t\t\t<h2 \n\t\tdata-interaction-id=\"ce6be3c\" \n\t\tclass=\"e-ce6be3c-b6642df e-heading-base\" \n\t\t \n\t\t\n\t>\n\t\n\t\t\tICAOStandard Training\n\t\t<\/h2>\n\t\t\t\t<\/div>\n\t\t<div class=\"elementor-element elementor-element-f1b62d7 e-con-full e-flex e-con e-child\" data-id=\"f1b62d7\" data-element_type=\"container\" data-e-type=\"container\" data-settings=\"{&quot;background_background&quot;:&quot;classic&quot;}\">\n\t\t\t\t<div class=\"elementor-element elementor-element-86e508f elementor-view-default elementor-widget elementor-widget-icon\" data-id=\"86e508f\" data-element_type=\"widget\" data-e-type=\"widget\" data-widget_type=\"icon.default\">\n\t\t\t\t\t\t\t<div class=\"elementor-icon-wrapper\">\n\t\t\t<div class=\"elementor-icon\">\n\t\t\t<svg aria-hidden=\"true\" class=\"e-font-icon-svg e-far-clock\" viewbox=\"0 0 512 512\" xmlns=\"http:\/\/www.w3.org\/2000\/svg\"><path d=\"M256 8C119 8 8 119 8 256s111 248 248 248 248-111 248-248S393 8 256 8zm0 448c-110.5 0-200-89.5-200-200S145.5 56 256 56s200 89.5 200 200-89.5 200-200 200zm61.8-104.4l-84.9-61.7c-3.1-2.3-4.9-5.9-4.9-9.7V116c0-6.6 5.4-12 12-12h32c6.6 0 12 5.4 12 12v141.7l66.8 48.6c5.4 3.9 6.5 11.4 2.6 16.8L334.6 349c-3.9 5.3-11.4 6.5-16.8 2.6z\"><\/path><\/svg>\t\t\t<\/div>\n\t\t<\/div>\n\t\t\t\t\t\t<\/div>\n\t\t\t\t\t\t\t<h2 \n\t\tdata-interaction-id=\"ecc9f9e\" \n\t\tclass=\"e-ecc9f9e-f2454e1 e-heading-base\" \n\t\t \n\t\t\n\t>\n\t\n\t\t\t5+Years Experience\n\t\t<\/h2>\n\t\t\t\t<\/div>\n\t\t\t\t\t<\/div>\n\t\t\t\t<\/div>\n\t\t\t\t<\/div>","protected":false},"excerpt":{"rendered":"<p>LA RINA AVIATION COLLEGE Train. Fly. Become a Professional Pilot APPLY NOW Train. Fly. Become a Profesinal Pilot Private Pilot [&hellip;]<\/p>\n","protected":false},"author":1,"featured_media":0,"parent":0,"menu_order":0,"comment_status":"closed","ping_status":"closed","template":"","meta":{"om_disable_all_campaigns":false,"_monsterinsights_skip_tracking":false,"_monsterinsights_sitenote_active":false,"_monsterinsights_sitenote_note":"","_monsterinsights_sitenote_category":0,"site-sidebar-layout":"default","site-content-layout":"","ast-site-content-layout":"default","site-content-style":"default","site-sidebar-style":"default","ast-global-header-display":"","ast-banner-title-visibility":"","ast-main-header-display":"","ast-hfb-above-header-display":"","ast-hfb-below-header-display":"","ast-hfb-mobile-header-display":"","site-post-title":"","ast-breadcrumbs-content":"","ast-featured-img":"","footer-sml-layout":"","ast-disable-related-posts":"","theme-transparent-header-meta":"","adv-header-id-meta":"","stick-header-meta":"","header-above-stick-meta":"","header-main-stick-meta":"","header-below-stick-meta":"","astra-migrate-meta-layouts":"default","ast-page-background-enabled":"default","ast-page-background-meta":{"desktop":{"background-color":"var(--ast-global-color-5)","background-image":"","background-repeat":"repeat","background-position":"center center","background-size":"auto","background-attachment":"scroll","background-type":"","background-media":"","overlay-type":"","overlay-color":"","overlay-opacity":"","overlay-gradient":""},"tablet":{"background-color":"","background-image":"","background-repeat":"repeat","background-position":"center center","background-size":"auto","background-attachment":"scroll","background-type":"","background-media":"","overlay-type":"","overlay-color":"","overlay-opacity":"","overlay-gradient":""},"mobile":{"background-color":"","background-image":"","background-repeat":"repeat","background-position":"center center","background-size":"auto","background-attachment":"scroll","background-type":"","background-media":"","overlay-type":"","overlay-color":"","overlay-opacity":"","overlay-gradient":""}},"ast-content-background-meta":{"desktop":{"background-color":"var(--ast-global-color-4)","background-image":"","background-repeat":"repeat","background-position":"center center","background-size":"auto","background-attachment":"scroll","background-type":"","background-media":"","overlay-type":"","overlay-color":"","overlay-opacity":"","overlay-gradient":""},"tablet":{"background-color":"var(--ast-global-color-4)","background-image":"","background-repeat":"repeat","background-position":"center center","background-size":"auto","background-attachment":"scroll","background-type":"","background-media":"","overlay-type":"","overlay-color":"","overlay-opacity":"","overlay-gradient":""},"mobile":{"background-color":"var(--ast-global-color-4)","background-image":"","background-repeat":"repeat","background-position":"center center","background-size":"auto","background-attachment":"scroll","background-type":"","background-media":"","overlay-type":"","overlay-color":"","overlay-opacity":"","overlay-gradient":""}},"footnotes":""},"class_list":["post-194","page","type-page","status-publish","hentry"],"aioseo_notices":[],"_hostinger_reach_plugin_has_subscription_block":false,"_hostinger_reach_plugin_is_elementor":false,"_links":{"self":[{"href":"https:\/\/larinaaviation.com\/fr\/wp-json\/wp\/v2\/pages\/194","targetHints":{"allow":["GET"]}}],"collection":[{"href":"https:\/\/larinaaviation.com\/fr\/wp-json\/wp\/v2\/pages"}],"about":[{"href":"https:\/\/larinaaviation.com\/fr\/wp-json\/wp\/v2\/types\/page"}],"author":[{"embeddable":true,"href":"https:\/\/larinaaviation.com\/fr\/wp-json\/wp\/v2\/users\/1"}],"replies":[{"embeddable":true,"href":"https:\/\/larinaaviation.com\/fr\/wp-json\/wp\/v2\/comments?post=194"}],"version-history":[{"count":5,"href":"https:\/\/larinaaviation.com\/fr\/wp-json\/wp\/v2\/pages\/194\/revisions"}],"predecessor-version":[{"id":210,"href":"https:\/\/larinaaviation.com\/fr\/wp-json\/wp\/v2\/pages\/194\/revisions\/210"}],"wp:attachment":[{"href":"https:\/\/larinaaviation.com\/fr\/wp-json\/wp\/v2\/media?parent=194"}],"curies":[{"name":"wp","href":"https:\/\/api.w.org\/{rel}","templated":true}]}}